{"id":75,"date":"2023-01-16T00:08:32","date_gmt":"2023-01-16T00:08:32","guid":{"rendered":"https:\/\/jodyac.com\/?page_id=75"},"modified":"2025-03-28T18:33:44","modified_gmt":"2025-03-28T18:33:44","slug":"about-the-journal","status":"publish","type":"page","link":"https:\/\/jodyac.com\/tr\/full-guide\/general-policy\/about-the-journal","title":{"rendered":"Dergi Hakk\u0131nda"},"content":{"rendered":"<p>Diskalkuli Akademi Dergisi\" Diskalkuli Derne\u011fi taraf\u0131ndan 2022 tarihinde al\u0131nan kararla yay\u0131n hayat\u0131na ba\u015flam\u0131\u015ft\u0131r. K\u00e2r amac\u0131 g\u00fctmeyen ve kamu yarar\u0131n\u0131 g\u00f6zeten bir sivil toplum kurulu\u015fu olan Diskalkuli Derne\u011fi kurulu\u015f ama\u00e7lar\u0131 ve sosyal sorumluluk politikalar\u0131 kapsam\u0131nda e\u011fitim sistemini geli\u015ftirmeyi \u00f6nemsemektedir. \u201cHerkes Matematik \u00d6\u011frenebilir!\u201d slogan\u0131 ile \u00f6ncelikle \u00fclkemizde sonra d\u00fcnyada matematik \u00f6\u011frenme g\u00fc\u00e7l\u00fc\u011f\u00fc ya\u015fayan ve matematikte d\u00fc\u015f\u00fck ba\u015far\u0131l\u0131 bireylerin bilgi ve beceri kazanabilece\u011fi bir e\u011fitim sisteminin in\u015fas\u0131 i\u00e7in yap\u0131lan akademik \u00e7al\u0131\u015fmalar\u0131n yayg\u0131nla\u015ft\u0131r\u0131lmas\u0131na hizmet etmektedir.<\/p>\n\n\n\n<figure class=\"wp-block-table\"><table class=\"has-fixed-layout\"><tbody><tr><td>Journal Name<\/td><td>Journal of Dyscalculia Academy<\/td><\/tr><tr><td>Short Name<\/td><td>JODYAC<\/td><\/tr><tr><td>ISSN<\/td><td>3062-3081<\/td><\/tr><tr><td>Publisher<\/td><td>DYSCALCULIA ASSOCIATION<\/td><\/tr><tr><td>Publishing Organization<\/td><td>Diskalkuli Derne\u011fi<\/td><\/tr><tr><td>Owner<\/td><td>Y\u0131lmaz Mutlu<\/td><\/tr><tr><td>Managing Editor<\/td><td>Zekeriya \u00c7am<\/td><\/tr><tr><td>Editor<\/td><td>K\u00fcbra Polat<\/td><\/tr><tr><td>Scope<\/td><td>Studies on dyscalculia, mathematics learning difficulties, and low achievement in mathematics<\/td><\/tr><tr><td>De\u011ferlendirme S\u00fcreci<\/td><td>Double blind peer review<\/td><\/tr><tr><td>Access<\/td><td>Open access<\/td><\/tr><tr><td>Fee Policy<\/td><td>Free (no publication fees)<\/td><\/tr><tr><td>Yay\u0131n S\u0131kl\u0131\u011f\u0131<\/td><td>Once a year (December), with possibility of two special issues<\/td><\/tr><tr><td>Yay\u0131n Dili<\/td><td>English<\/td><\/tr><tr><td>Start Year<\/td><td>2023<\/td><\/tr><tr><td>Publication Format<\/td><td>Electronic<\/td><\/tr><tr><td>E-posta<\/td><td>info@jodyac.com<\/td><\/tr><tr><td>Ethics Committee<\/td><td>Approval required for all manuscripts<\/td><\/tr><tr><td>License<\/td><td>Creative Commons Attribution 4.0 International License<\/td><\/tr><\/tbody><\/table><\/figure>","protected":false},"excerpt":{"rendered":"<p>The Journal of Dyscalculia Academy started its publication life with the decision taken by the Dyscalculia Association in 2022. The Dyscalculia Society, a non-profit and public interest non-governmental organization, attaches importance to improving the education system within the scope of its founding objectives and social responsibility policies. \u201cEveryone Can Learn Mathematics!\u201d With its motto, it [&hellip;]<\/p>","protected":false},"author":1,"featured_media":0,"parent":83,"menu_order":0,"comment_status":"closed","ping_status":"closed","template":"","meta":{"_themeisle_gutenberg_block_has_review":false,"footnotes":""},"class_list":["post-75","page","type-page","status-publish"],"_links":{"self":[{"href":"https:\/\/jodyac.com\/tr\/wp-json\/wp\/v2\/pages\/75","targetHints":{"allow":["GET"]}}],"collection":[{"href":"https:\/\/jodyac.com\/tr\/wp-json\/wp\/v2\/pages"}],"about":[{"href":"https:\/\/jodyac.com\/tr\/wp-json\/wp\/v2\/types\/page"}],"author":[{"embeddable":true,"href":"https:\/\/jodyac.com\/tr\/wp-json\/wp\/v2\/users\/1"}],"replies":[{"embeddable":true,"href":"https:\/\/jodyac.com\/tr\/wp-json\/wp\/v2\/comments?post=75"}],"version-history":[{"count":4,"href":"https:\/\/jodyac.com\/tr\/wp-json\/wp\/v2\/pages\/75\/revisions"}],"predecessor-version":[{"id":673,"href":"https:\/\/jodyac.com\/tr\/wp-json\/wp\/v2\/pages\/75\/revisions\/673"}],"up":[{"embeddable":true,"href":"https:\/\/jodyac.com\/tr\/wp-json\/wp\/v2\/pages\/83"}],"wp:attachment":[{"href":"https:\/\/jodyac.com\/tr\/wp-json\/wp\/v2\/media?parent=75"}],"curies":[{"name":"wp","href":"https:\/\/api.w.org\/{rel}","templated":true}]}}